{"id":1251,"date":"2021-02-14T16:38:09","date_gmt":"2021-02-14T21:38:09","guid":{"rendered":"https:\/\/acopidron.com\/?page_id=1251"},"modified":"2021-12-15T16:49:34","modified_gmt":"2021-12-15T21:49:34","slug":"documentos","status":"publish","type":"page","link":"https:\/\/acopidron.com\/index.php\/servicios\/documentos\/","title":{"rendered":"Documentos de Inter\u00e9s"},"content":{"rendered":"\t\t<div data-elementor-type=\"wp-page\" data-elementor-id=\"1251\" class=\"elementor elementor-1251\" data-elementor-settings=\"[]\">\n\t\t\t\t\t\t<div class=\"elementor-inner\">\n\t\t\t\t\t\t\t<div class=\"elementor-section-wrap\">\n\t\t\t\t\t\t\t<section class=\"elementor-section elementor-top-section elementor-element elementor-element-71abe2bc elementor-section-boxed elementor-section-height-default elementor-section-height-default\" data-id=\"71abe2bc\" data-element_type=\"section\">\n\t\t\t\t\t\t<div class=\"elementor-container elementor-column-gap-default\">\n\t\t\t\t\t\t\t<div class=\"elementor-row\">\n\t\t\t\t\t<div class=\"elementor-column elementor-col-100 elementor-top-column elementor-element elementor-element-6e60337e\" data-id=\"6e60337e\" data-element_type=\"column\">\n\t\t\t<div class=\"elementor-column-wrap elementor-element-populated\">\n\t\t\t\t\t\t\t<div class=\"elementor-widget-wrap\">\n\t\t\t\t\t\t<div class=\"elementor-element elementor-element-2c3aaa42 elementor-widget elementor-widget-text-editor\" data-id=\"2c3aaa42\" data-element_type=\"widget\" data-widget_type=\"text-editor.default\">\n\t\t\t\t<div class=\"elementor-widget-container\">\n\t\t\t\t\t\t\t\t<div class=\"elementor-text-editor elementor-clearfix\">\n\t\t\t\t\t\t\t\t\t<\/div>\n\t\t\t\t\t\t<\/div>\n\t\t\t\t<\/div>\n\t\t\t\t<div class=\"elementor-element elementor-element-ce98c46 elementor-widget elementor-widget-toggle\" data-id=\"ce98c46\" data-element_type=\"widget\" data-widget_type=\"toggle.default\">\n\t\t\t\t<div class=\"elementor-widget-container\">\n\t\t\t\t\t<div class=\"elementor-toggle\" role=\"tablist\">\n\t\t\t\t\t\t\t<div class=\"elementor-toggle-item\">\n\t\t\t\t\t<div id=\"elementor-tab-title-2161\" class=\"elementor-tab-title\" data-tab=\"1\" role=\"tab\" aria-controls=\"elementor-tab-content-2161\" aria-expanded=\"false\">\n\t\t\t\t\t\t\t\t\t\t\t\t<span class=\"elementor-toggle-icon elementor-toggle-icon-left\" aria-hidden=\"true\">\n\t\t\t\t\t\t\t\t\t\t\t\t\t\t\t<span class=\"elementor-toggle-icon-closed\"><i class=\"fas fa-caret-right\"><\/i><\/span>\n\t\t\t\t\t\t\t\t<span class=\"elementor-toggle-icon-opened\"><i class=\"elementor-toggle-icon-opened fas fa-caret-up\"><\/i><\/span>\n\t\t\t\t\t\t\t\t\t\t\t\t\t<\/span>\n\t\t\t\t\t\t\t\t\t\t\t\t<a href=\"\" class=\"elementor-toggle-title\">NORMATIVA DRONES<\/a>\n\t\t\t\t\t<\/div>\n\n\t\t\t\t\t<div id=\"elementor-tab-content-2161\" class=\"elementor-tab-content elementor-clearfix\" data-tab=\"1\" role=\"tabpanel\" aria-labelledby=\"elementor-tab-title-2161\"><p><a href=\"https:\/\/acopidron.com\/wp-content\/uploads\/2021\/08\/RESL.-N\u00b0-04201-DIC-27-de-2018.pdf\" target=\"_blank\" rel=\"noopener\">RESL. N\u00b0 04201 DIC 27 de 2018<\/a><\/p><p>Normativa vigente para las aeronaves no tripuladas, expedida por la Aeron\u00e1utica Civil de Colombia, la \u00faltima publicada es la Resoluci\u00f3n 04201 del 27 de diciembre de 2018<\/p><\/div>\n\t\t\t\t<\/div>\n\t\t\t\t\t\t\t<div class=\"elementor-toggle-item\">\n\t\t\t\t\t<div id=\"elementor-tab-title-2162\" class=\"elementor-tab-title\" data-tab=\"2\" role=\"tab\" aria-controls=\"elementor-tab-content-2162\" aria-expanded=\"false\">\n\t\t\t\t\t\t\t\t\t\t\t\t<span class=\"elementor-toggle-icon elementor-toggle-icon-left\" aria-hidden=\"true\">\n\t\t\t\t\t\t\t\t\t\t\t\t\t\t\t<span class=\"elementor-toggle-icon-closed\"><i class=\"fas fa-caret-right\"><\/i><\/span>\n\t\t\t\t\t\t\t\t<span class=\"elementor-toggle-icon-opened\"><i class=\"elementor-toggle-icon-opened fas fa-caret-up\"><\/i><\/span>\n\t\t\t\t\t\t\t\t\t\t\t\t\t<\/span>\n\t\t\t\t\t\t\t\t\t\t\t\t<a href=\"\" class=\"elementor-toggle-title\">INSCRIPCI\u00d3N PILOTOS CLASE A-B-C<\/a>\n\t\t\t\t\t<\/div>\n\n\t\t\t\t\t<div id=\"elementor-tab-content-2162\" class=\"elementor-tab-content elementor-clearfix\" data-tab=\"2\" role=\"tabpanel\" aria-labelledby=\"elementor-tab-title-2162\"><p><a href=\"https:\/\/acopidron.com\/wp-content\/uploads\/2021\/12\/FORMATO-INSCRIPCIONES-UAS_AEROCIVILCOL-CLASE-A.pdf\" target=\"_blank\" rel=\"noopener\">FORMATO INSCRIPCIONES UAS_AEROCIVILCOL &#8211; CLASE A<\/a><\/p><p><a href=\"https:\/\/acopidron.com\/wp-content\/uploads\/2021\/12\/FORMATO-INSCRIPCION-AEROCIVIL-CLASE-B.pdf\">FORMATO INSCRIPCIONES UAS_AEROCIVILCOL &#8211; CLASE B\/C<\/a><\/p><p>Formato para inscripci\u00f3n de pilotos UAS (Unmanned Aircraft System), Sistema A\u00e9reo No Tripulado, sea clase A (hobbie) o clase B (explotadores).<\/p><\/div>\n\t\t\t\t<\/div>\n\t\t\t\t\t\t\t<div class=\"elementor-toggle-item\">\n\t\t\t\t\t<div id=\"elementor-tab-title-2163\" class=\"elementor-tab-title\" data-tab=\"3\" role=\"tab\" aria-controls=\"elementor-tab-content-2163\" aria-expanded=\"false\">\n\t\t\t\t\t\t\t\t\t\t\t\t<span class=\"elementor-toggle-icon elementor-toggle-icon-left\" aria-hidden=\"true\">\n\t\t\t\t\t\t\t\t\t\t\t\t\t\t\t<span class=\"elementor-toggle-icon-closed\"><i class=\"fas fa-caret-right\"><\/i><\/span>\n\t\t\t\t\t\t\t\t<span class=\"elementor-toggle-icon-opened\"><i class=\"elementor-toggle-icon-opened fas fa-caret-up\"><\/i><\/span>\n\t\t\t\t\t\t\t\t\t\t\t\t\t<\/span>\n\t\t\t\t\t\t\t\t\t\t\t\t<a href=\"\" class=\"elementor-toggle-title\">PETICI\u00d3N DE PERMISOS AEROCIVIL<\/a>\n\t\t\t\t\t<\/div>\n\n\t\t\t\t\t<div id=\"elementor-tab-content-2163\" class=\"elementor-tab-content elementor-clearfix\" data-tab=\"3\" role=\"tabpanel\" aria-labelledby=\"elementor-tab-title-2163\"><p><a href=\"https:\/\/acopidron.com\/wp-content\/uploads\/2021\/08\/FORMATO-SOLICITUD-DE-VUELO-UAS_AEROCIVILCOL.pdf\" target=\"_blank\" rel=\"noopener\">FORMATO SOLICITUD DE VUELO UAS_AEROCIVILCOL<\/a><\/p><p>Formato para la petici\u00f3n y ejecuci\u00f3n de sobrevuelos con aeronaves no tripuladas.<\/p><\/div>\n\t\t\t\t<\/div>\n\t\t\t\t\t\t\t<div class=\"elementor-toggle-item\">\n\t\t\t\t\t<div id=\"elementor-tab-title-2164\" class=\"elementor-tab-title\" data-tab=\"4\" role=\"tab\" aria-controls=\"elementor-tab-content-2164\" aria-expanded=\"false\">\n\t\t\t\t\t\t\t\t\t\t\t\t<span class=\"elementor-toggle-icon elementor-toggle-icon-left\" aria-hidden=\"true\">\n\t\t\t\t\t\t\t\t\t\t\t\t\t\t\t<span class=\"elementor-toggle-icon-closed\"><i class=\"fas fa-caret-right\"><\/i><\/span>\n\t\t\t\t\t\t\t\t<span class=\"elementor-toggle-icon-opened\"><i class=\"elementor-toggle-icon-opened fas fa-caret-up\"><\/i><\/span>\n\t\t\t\t\t\t\t\t\t\t\t\t\t<\/span>\n\t\t\t\t\t\t\t\t\t\t\t\t<a href=\"\" class=\"elementor-toggle-title\">TR\u00c1MITES Y EXPEDICI\u00d3N DE PERMISOS FAC<\/a>\n\t\t\t\t\t<\/div>\n\n\t\t\t\t\t<div id=\"elementor-tab-content-2164\" class=\"elementor-tab-content elementor-clearfix\" data-tab=\"4\" role=\"tabpanel\" aria-labelledby=\"elementor-tab-title-2164\"><p><a href=\"https:\/\/acopidron.com\/wp-content\/uploads\/2021\/02\/OA-JEM-PR-007-TRAMITE-Y-EXPEDICION-DE-PERMISOS-DE-SOBREVUELOS.pdf\" target=\"_blank\" rel=\"noopener\">OA-JEM-PR-007-TR\u00c1MITE-Y-EXPEDICI\u00d3N-DE-PERMISOS-DE-SOBREVUELOS<\/a><\/p><p>Informaci\u00f3n acerca de los requerimientos, obligaciones y prevenciones que se deben tener en cuenta al solicitar permiso ante la FAC (Fuerza A\u00e9rea Colombiana).<\/p><\/div>\n\t\t\t\t<\/div>\n\t\t\t\t\t\t\t<div class=\"elementor-toggle-item\">\n\t\t\t\t\t<div id=\"elementor-tab-title-2165\" class=\"elementor-tab-title\" data-tab=\"5\" role=\"tab\" aria-controls=\"elementor-tab-content-2165\" aria-expanded=\"false\">\n\t\t\t\t\t\t\t\t\t\t\t\t<span class=\"elementor-toggle-icon elementor-toggle-icon-left\" aria-hidden=\"true\">\n\t\t\t\t\t\t\t\t\t\t\t\t\t\t\t<span class=\"elementor-toggle-icon-closed\"><i class=\"fas fa-caret-right\"><\/i><\/span>\n\t\t\t\t\t\t\t\t<span class=\"elementor-toggle-icon-opened\"><i class=\"elementor-toggle-icon-opened fas fa-caret-up\"><\/i><\/span>\n\t\t\t\t\t\t\t\t\t\t\t\t\t<\/span>\n\t\t\t\t\t\t\t\t\t\t\t\t<a href=\"\" class=\"elementor-toggle-title\">FORMATO SOLICITUD DE PERMISOS FAC<\/a>\n\t\t\t\t\t<\/div>\n\n\t\t\t\t\t<div id=\"elementor-tab-content-2165\" class=\"elementor-tab-content elementor-clearfix\" data-tab=\"5\" role=\"tabpanel\" aria-labelledby=\"elementor-tab-title-2165\"><p><a href=\"https:\/\/acopidron.com\/wp-content\/uploads\/2021\/02\/OA-JEM-FR-006-FORMATO-SOLICITUD-OPERACION-RPAS-EN-AREAS-RESTRINGIDAS-...-FAC.docx\" target=\"_blank\" rel=\"noopener\">OA-JEM-FR-006-FORMATO-SOLICITUD-OPERACI\u00d3N-RPAS-EN-AREAS-RESTRINGIDAS-&#8230;-FAC<\/a><\/p><p>Formato para la petici\u00f3n de permisos de sobrevuelo de aeronaves no tripuladas, en aproximaci\u00f3n o en proximidad a bases a\u00e9reas de la FAC (Fuerza A\u00e9rea Colombiana).<\/p><\/div>\n\t\t\t\t<\/div>\n\t\t\t\t\t\t\t\t<\/div>\n\t\t\t\t<\/div>\n\t\t\t\t<\/div>\n\t\t\t\t\t\t<\/div>\n\t\t\t\t\t<\/div>\n\t\t<\/div>\n\t\t\t\t\t\t\t\t<\/div>\n\t\t\t\t\t<\/div>\n\t\t<\/section>\n\t\t\t\t\t\t<\/div>\n\t\t\t\t\t\t<\/div>\n\t\t\t\t\t<\/div>\n\t\t","protected":false},"excerpt":{"rendered":"<p>NORMATIVA DRONES RESL. N\u00b0 04201 DIC 27 de 2018 Normativa vigente para las aeronaves no tripuladas, expedida por la Aeron\u00e1utica Civil de Colombia, la \u00faltima publicada es la Resoluci\u00f3n 04201 del 27 de diciembre de 2018 INSCRIPCI\u00d3N PILOTOS CLASE A-B-C FORMATO INSCRIPCIONES UAS_AEROCIVILCOL &#8211; CLASE A FORMATO INSCRIPCIONES UAS_AEROCIVILCOL &#8211; CLASE B\/C Formato para inscripci\u00f3n &hellip;<\/p>\n<p class=\"read-more\"> <a class=\"\" href=\"https:\/\/acopidron.com\/index.php\/servicios\/documentos\/\"> <span class=\"screen-reader-text\">Documentos de Inter\u00e9s<\/span> Leer m\u00e1s &raquo;<\/a><\/p>\n","protected":false},"author":1,"featured_media":0,"parent":8,"menu_order":0,"comment_status":"closed","ping_status":"closed","template":"","meta":{"site-sidebar-layout":"default","site-content-layout":"default","ast-global-header-display":"","ast-main-header-display":"","ast-hfb-above-header-display":"","ast-hfb-below-header-display":"","ast-hfb-mobile-header-display":"","site-post-title":"","ast-breadcrumbs-content":"","ast-featured-img":"","footer-sml-layout":"","theme-transparent-header-meta":"default","adv-header-id-meta":"","stick-header-meta":"","header-above-stick-meta":"","header-main-stick-meta":"","header-below-stick-meta":"","footnotes":""},"class_list":["post-1251","page","type-page","status-publish","hentry"],"aioseo_notices":[],"_links":{"self":[{"href":"https:\/\/acopidron.com\/index.php\/wp-json\/wp\/v2\/pages\/1251","targetHints":{"allow":["GET"]}}],"collection":[{"href":"https:\/\/acopidron.com\/index.php\/wp-json\/wp\/v2\/pages"}],"about":[{"href":"https:\/\/acopidron.com\/index.php\/wp-json\/wp\/v2\/types\/page"}],"author":[{"embeddable":true,"href":"https:\/\/acopidron.com\/index.php\/wp-json\/wp\/v2\/users\/1"}],"replies":[{"embeddable":true,"href":"https:\/\/acopidron.com\/index.php\/wp-json\/wp\/v2\/comments?post=1251"}],"version-history":[{"count":27,"href":"https:\/\/acopidron.com\/index.php\/wp-json\/wp\/v2\/pages\/1251\/revisions"}],"predecessor-version":[{"id":1648,"href":"https:\/\/acopidron.com\/index.php\/wp-json\/wp\/v2\/pages\/1251\/revisions\/1648"}],"up":[{"embeddable":true,"href":"https:\/\/acopidron.com\/index.php\/wp-json\/wp\/v2\/pages\/8"}],"wp:attachment":[{"href":"https:\/\/acopidron.com\/index.php\/wp-json\/wp\/v2\/media?parent=1251"}],"curies":[{"name":"wp","href":"https:\/\/api.w.org\/{rel}","templated":true}]}}