{"id":1293,"date":"2026-01-20T22:18:39","date_gmt":"2026-01-21T03:18:39","guid":{"rendered":"https:\/\/acopidron.com\/?page_id=1293"},"modified":"2026-01-24T14:34:49","modified_gmt":"2026-01-24T19:34:49","slug":"1er-festival-drone-films","status":"publish","type":"page","link":"https:\/\/acopidron.com\/index.php\/1er-festival-drone-films\/","title":{"rendered":"DRONEFILMS"},"content":{"rendered":"\t\t<div data-elementor-type=\"wp-page\" data-elementor-id=\"1293\" class=\"elementor elementor-1293\" data-elementor-settings=\"[]\">\n\t\t\t\t\t\t<div class=\"elementor-inner\">\n\t\t\t\t\t\t\t<div class=\"elementor-section-wrap\">\n\t\t\t\t\t\t\t<section class=\"elementor-section elementor-top-section elementor-element elementor-element-47ad51f1 elementor-section-boxed elementor-section-height-default elementor-section-height-default\" data-id=\"47ad51f1\" data-element_type=\"section\">\n\t\t\t\t\t\t<div class=\"elementor-container elementor-column-gap-default\">\n\t\t\t\t\t\t\t<div class=\"elementor-row\">\n\t\t\t\t\t<div class=\"elementor-column elementor-col-100 elementor-top-column elementor-element elementor-element-2f783746\" data-id=\"2f783746\" data-element_type=\"column\">\n\t\t\t<div class=\"elementor-column-wrap elementor-element-populated\">\n\t\t\t\t\t\t\t<div class=\"elementor-widget-wrap\">\n\t\t\t\t\t\t<div class=\"elementor-element elementor-element-f7a8ed0 elementor-widget elementor-widget-text-editor\" data-id=\"f7a8ed0\" data-element_type=\"widget\" data-widget_type=\"text-editor.default\">\n\t\t\t\t<div class=\"elementor-widget-container\">\n\t\t\t\t\t\t\t\t<div class=\"elementor-text-editor elementor-clearfix\">\n\t\t\t\t<div class=\"wp-block-columns\">\n<p><!-- wp:column {\"width\":\"100%\"} --><\/p>\n<div class=\"wp-block-column\" style=\"flex-basis: 100%;\">\n<p><!-- wp:paragraph --><\/p>\n<p style=\"text-align: center;\">1er<strong style=\"font-size: 16px;\"> Festival DRONEFILMS 2026<\/strong><\/p>\n<\/div>\n<\/div>\n<p><!-- \/wp:paragraph --><\/p>\t\t\t\t\t<\/div>\n\t\t\t\t\t\t<\/div>\n\t\t\t\t<\/div>\n\t\t\t\t<div class=\"elementor-element elementor-element-beb6d05 elementor-widget elementor-widget-image\" data-id=\"beb6d05\" data-element_type=\"widget\" data-widget_type=\"image.default\">\n\t\t\t\t<div class=\"elementor-widget-container\">\n\t\t\t\t\t\t\t\t<div class=\"elementor-image\">\n\t\t\t\t\t\t\t\t\t<figure class=\"wp-caption\">\n\t\t\t\t\t\t\t\t\t\t<img loading=\"lazy\" decoding=\"async\" width=\"489\" height=\"733\" src=\"https:\/\/acopidron.com\/wp-content\/uploads\/2026\/01\/Captura-de-Pantalla-2025-12-10-a-las-5.54.34-p.-m.png\" class=\"attachment-large size-large\" alt=\"\" \/>\t\t\t\t\t\t\t\t\t\t\t<figcaption class=\"widget-image-caption wp-caption-text\">ACOPIDRON tiene el gusto de invitarlos a participar del primer festival de cortometrajes hechos 100% con drones.<\/figcaption>\n\t\t\t\t\t\t\t\t\t\t<\/figure>\n\t\t\t\t\t\t\t\t<\/div>\n\t\t\t\t\t\t<\/div>\n\t\t\t\t<\/div>\n\t\t\t\t\t\t<\/div>\n\t\t\t\t\t<\/div>\n\t\t<\/div>\n\t\t\t\t\t\t\t\t<\/div>\n\t\t\t\t\t<\/div>\n\t\t<\/section>\n\t\t\t\t<section class=\"elementor-section elementor-top-section elementor-element elementor-element-cdd0c82 elementor-section-boxed elementor-section-height-default elementor-section-height-default\" data-id=\"cdd0c82\" data-element_type=\"section\">\n\t\t\t\t\t\t<div class=\"elementor-container elementor-column-gap-default\">\n\t\t\t\t\t\t\t<div class=\"elementor-row\">\n\t\t\t\t\t<div class=\"elementor-column elementor-col-100 elementor-top-column elementor-element elementor-element-4c01064\" data-id=\"4c01064\" data-element_type=\"column\">\n\t\t\t<div class=\"elementor-column-wrap elementor-element-populated\">\n\t\t\t\t\t\t\t<div class=\"elementor-widget-wrap\">\n\t\t\t\t\t\t<div class=\"elementor-element elementor-element-96c91d5 elementor-widget elementor-widget-text-editor\" data-id=\"96c91d5\" data-element_type=\"widget\" data-widget_type=\"text-editor.default\">\n\t\t\t\t<div class=\"elementor-widget-container\">\n\t\t\t\t\t\t\t\t<div class=\"elementor-text-editor elementor-clearfix\">\n\t\t\t\t<p class=\"MsoNormal\" style=\"margin: 0cm; font-size: medium; font-family: Calibri, sans-serif; caret-color: #000000; color: #000000; font-style: normal; text-align: center;\"><strong><span lang=\"ES\">BASES OFICIALES DEL FESTIVAL DE CORTOMETRAJES&nbsp;<\/span><\/strong><\/p>\n<p class=\"MsoNormal\" style=\"margin: 0cm; font-size: medium; font-family: Calibri, sans-serif; caret-color: #000000; color: #000000; font-style: normal;\"><span lang=\"ES\">&nbsp;<\/span><\/p>\n<p class=\"MsoNormal\" style=\"margin: 0cm; font-size: medium; font-family: Calibri, sans-serif; caret-color: #000000; color: #000000; font-style: normal;\"><strong><span lang=\"ES\">1. DURACI\u00d3N DE LOS CORTOMETRAJES<\/span><\/strong><\/p>\n<p class=\"MsoNormal\" style=\"margin: 0cm; font-size: medium; font-family: Calibri, sans-serif; caret-color: #000000; color: #000000; font-style: normal;\"><span lang=\"ES\">&#8211; Duraci\u00f3n m\u00e1xima: 5 minutos.<\/span><\/p>\n<p class=\"MsoNormal\" style=\"margin: 0cm; font-size: medium; font-family: Calibri, sans-serif; caret-color: #000000; color: #000000; font-style: normal;\"><span lang=\"ES\">&#8211; Sin duraci\u00f3n m\u00ednima, pero se recomienda m\u00ednimo 2 minutos.&nbsp;<\/span><\/p>\n<p class=\"MsoNormal\" style=\"margin: 0cm; font-size: medium; font-family: Calibri, sans-serif; caret-color: #000000; color: #000000; font-style: normal;\"><span lang=\"ES\">&nbsp;<\/span><\/p>\n<p class=\"MsoNormal\" style=\"margin: 0cm; font-size: medium; font-family: Calibri, sans-serif; caret-color: #000000; color: #000000; font-style: normal;\"><span lang=\"ES\"><strong>2. CATEGOR\u00cdAS<\/strong> ABIERTAS&nbsp;<\/span><\/p>\n<p class=\"MsoNormal\" style=\"margin: 0cm; font-size: medium; font-family: Calibri, sans-serif; caret-color: #000000; color: #000000; font-style: normal;\"><span lang=\"ES\">\u2022&nbsp;&nbsp;&nbsp;&nbsp;&nbsp;&nbsp;&nbsp;&nbsp;&nbsp;&nbsp;Documental<\/span><\/p>\n<p class=\"MsoNormal\" style=\"margin: 0cm; font-size: medium; font-family: Calibri, sans-serif; caret-color: #000000; color: #000000; font-style: normal;\"><span lang=\"ES\">\u2022&nbsp;&nbsp;&nbsp;&nbsp;&nbsp;&nbsp;&nbsp;&nbsp;&nbsp;&nbsp;Eco<\/span><\/p>\n<p class=\"MsoNormal\" style=\"margin: 0cm; font-size: medium; font-family: Calibri, sans-serif; caret-color: #000000; color: #000000; font-style: normal;\"><span lang=\"ES\">\u2022&nbsp;&nbsp;&nbsp;&nbsp;&nbsp;&nbsp;&nbsp;&nbsp;&nbsp;&nbsp;Turismo<\/span><\/p>\n<p class=\"MsoNormal\" style=\"margin: 0cm; font-size: medium; font-family: Calibri, sans-serif; caret-color: #000000; color: #000000; font-style: normal;\"><span lang=\"ES\">&nbsp;<\/span><\/p>\n<p class=\"MsoNormal\" style=\"margin: 0cm; font-size: medium; font-family: Calibri, sans-serif; caret-color: #000000; color: #000000; font-style: normal;\"><strong><span lang=\"ES\">3. CARACTER\u00cdSTICAS T\u00c9CNICAS DEL ARCHIVO<\/span><\/strong><\/p>\n<p class=\"MsoNormal\" style=\"margin: 0cm; font-size: medium; font-family: Calibri, sans-serif; caret-color: #000000; color: #000000; font-style: normal;\"><span lang=\"ES\">\u2022&nbsp;&nbsp;&nbsp;&nbsp;&nbsp;&nbsp;&nbsp;&nbsp;&nbsp;&nbsp;Formato:&nbsp;&nbsp;MP4 (H.264) \u2013 formato est\u00e1ndar.<\/span><\/p>\n<p class=\"MsoNormal\" style=\"margin: 0cm; font-size: medium; font-family: Calibri, sans-serif; caret-color: #000000; color: #000000; font-style: normal;\"><span lang=\"ES\">&nbsp;<\/span><\/p>\n<p class=\"MsoNormal\" style=\"margin: 0cm; font-size: medium; font-family: Calibri, sans-serif; caret-color: #000000; color: #000000; font-style: normal;\"><span lang=\"ES\">Resoluci\u00f3n:<\/span><\/p>\n<p class=\"MsoNormal\" style=\"margin: 0cm; font-size: medium; font-family: Calibri, sans-serif; caret-color: #000000; color: #000000; font-style: normal;\"><span lang=\"ES\">\u2022&nbsp;&nbsp;&nbsp;&nbsp;&nbsp;&nbsp;&nbsp;&nbsp;&nbsp;&nbsp;Full HD 1920\u00d71080 (recomendada).<\/span><\/p>\n<p class=\"MsoNormal\" style=\"margin: 0cm; font-size: medium; font-family: Calibri, sans-serif; caret-color: #000000; color: #000000; font-style: normal;\"><span lang=\"ES\">\u2022&nbsp;&nbsp;&nbsp;&nbsp;&nbsp;&nbsp;&nbsp;&nbsp;&nbsp;&nbsp;Relaci\u00f3n de aspecto: 16:9 est\u00e1ndar.<\/span><\/p>\n<p class=\"MsoNormal\" style=\"margin: 0cm; font-size: medium; font-family: Calibri, sans-serif; caret-color: #000000; color: #000000; font-style: normal;\"><span lang=\"ES\">\u2022&nbsp;&nbsp;&nbsp;&nbsp;&nbsp;&nbsp;&nbsp;&nbsp;&nbsp;&nbsp;Audio: Stereo 2.0<\/span><\/p>\n<p class=\"MsoNormal\" style=\"margin: 0cm; font-size: medium; font-family: Calibri, sans-serif; caret-color: #000000; color: #000000; font-style: normal;\"><span lang=\"ES\">&nbsp;<\/span><\/p>\n<p class=\"MsoNormal\" style=\"margin: 0cm; font-size: medium; font-family: Calibri, sans-serif; caret-color: #000000; color: #000000; font-style: normal;\"><strong><span lang=\"ES\">4. MATERIAL ADICIONAL REQUERIDO<\/span><\/strong><\/p>\n<p class=\"MsoNormal\" style=\"margin: 0cm; font-size: medium; font-family: Calibri, sans-serif; caret-color: #000000; color: #000000; font-style: normal;\"><span lang=\"ES\">\u2022&nbsp;&nbsp;&nbsp;&nbsp;&nbsp;&nbsp;&nbsp;&nbsp;&nbsp;&nbsp;P\u00f3ster oficial en JPG\/PNG (3000 px lado mayor).&nbsp;<\/span><\/p>\n<p class=\"MsoNormal\" style=\"margin: 0cm; font-size: medium; font-family: Calibri, sans-serif; caret-color: #000000; color: #000000; font-style: normal;\"><span lang=\"ES\">\u2022&nbsp;&nbsp;&nbsp;&nbsp;&nbsp;&nbsp;&nbsp;&nbsp;&nbsp;&nbsp;Sinopsis corta (50\u201380 palabras)<\/span><\/p>\n<p class=\"MsoNormal\" style=\"margin: 0cm; font-size: medium; font-family: Calibri, sans-serif; caret-color: #000000; color: #000000; font-style: normal;\"><span lang=\"ES\">\u2022&nbsp;&nbsp;&nbsp;&nbsp;&nbsp;&nbsp;&nbsp;&nbsp;&nbsp;&nbsp;Sinopsis larga (200\u2013300 palabras).<\/span><\/p>\n<p class=\"MsoNormal\" style=\"margin: 0cm; font-size: medium; font-family: Calibri, sans-serif; caret-color: #000000; color: #000000; font-style: normal;\"><span lang=\"ES\">\u2022&nbsp;&nbsp;&nbsp;&nbsp;&nbsp;&nbsp;&nbsp;&nbsp;&nbsp;&nbsp;Ficha t\u00e9cnica completa.<\/span><\/p>\n<p class=\"MsoNormal\" style=\"margin: 0cm; font-size: medium; font-family: Calibri, sans-serif; caret-color: #000000; color: #000000; font-style: normal;\"><span style=\"font-size: 16px;\">\u2022&nbsp;&nbsp;&nbsp;&nbsp;&nbsp;&nbsp;&nbsp;&nbsp;&nbsp;&nbsp;Tr\u00e1iler opcional.&nbsp;&nbsp;30 segundos<\/span><\/p>\n<p class=\"MsoNormal\" style=\"margin: 0cm; font-size: medium; font-family: Calibri, sans-serif; caret-color: #000000; color: #000000; font-style: normal;\"><span lang=\"ES\">&nbsp;<\/span><\/p>\n<p class=\"MsoNormal\" style=\"margin: 0cm; font-size: medium; font-family: Calibri, sans-serif; caret-color: #000000; color: #000000; font-style: normal;\"><strong><span lang=\"ES\">5. RESTRICCIONES DE CONTENIDO<\/span><\/strong><\/p>\n<p class=\"MsoNormal\" style=\"margin: 0cm; font-size: medium; font-family: Calibri, sans-serif; caret-color: #000000; color: #000000; font-style: normal;\"><span lang=\"ES\">\u2022&nbsp;&nbsp;&nbsp;&nbsp;&nbsp;&nbsp;&nbsp;&nbsp;&nbsp;&nbsp;Debe ser obra original.<\/span><\/p>\n<p class=\"MsoNormal\" style=\"margin: 0cm; font-size: medium; font-family: Calibri, sans-serif; caret-color: #000000; color: #000000; font-style: normal;\"><span lang=\"ES\">\u2022&nbsp;&nbsp;&nbsp;&nbsp;&nbsp;&nbsp;&nbsp;&nbsp;&nbsp;&nbsp;Prohibido uso de material con derechos sin autorizaci\u00f3n.<\/span><\/p>\n<p class=\"MsoNormal\" style=\"margin: 0cm; font-size: medium; font-family: Calibri, sans-serif; caret-color: #000000; color: #000000; font-style: normal;\"><span lang=\"ES\">\u2022&nbsp;&nbsp;&nbsp;&nbsp;&nbsp;&nbsp;&nbsp;&nbsp;&nbsp;&nbsp;Contenido explicito extremo puede ser rechazado.&nbsp;<\/span><\/p>\n<p class=\"MsoNormal\" style=\"margin: 0cm; font-size: medium; font-family: Calibri, sans-serif; caret-color: #000000; color: #000000; font-style: normal;\"><span lang=\"ES\">&nbsp;<\/span><\/p>\n<p class=\"MsoNormal\" style=\"margin: 0cm; font-size: medium; font-family: Calibri, sans-serif; caret-color: #000000; color: #000000; font-style: normal;\"><strong><span lang=\"ES\">6. A\u00d1O DE PRODUCCI\u00d3N<\/span><\/strong><\/p>\n<p class=\"MsoNormal\" style=\"margin: 0cm; font-size: medium; font-family: Calibri, sans-serif; caret-color: #000000; color: #000000; font-style: normal;\"><span lang=\"ES\">\u2022&nbsp;&nbsp;&nbsp;&nbsp;&nbsp;&nbsp;&nbsp;&nbsp;&nbsp;&nbsp;Se aceptan cortometrajes producidos en los \u00faltimos 1 a 3 a\u00f1os.&nbsp;<\/span><\/p>\n<p class=\"MsoNormal\" style=\"margin: 0cm; font-size: medium; font-family: Calibri, sans-serif; caret-color: #000000; color: #000000; font-style: normal;\"><span lang=\"ES\">&nbsp;<\/span><\/p>\n<p class=\"MsoNormal\" style=\"margin: 0cm; font-size: medium; font-family: Calibri, sans-serif; caret-color: #000000; color: #000000; font-style: normal;\"><strong><span lang=\"ES\">7. DERECHOS DE EXHIBICI\u00d3N&nbsp;<\/span><\/strong><\/p>\n<p class=\"MsoNormal\" style=\"margin: 0cm; font-size: medium; font-family: Calibri, sans-serif; caret-color: #000000; color: #000000; font-style: normal;\"><span lang=\"ES\">\u2022&nbsp;&nbsp;&nbsp;&nbsp;&nbsp;&nbsp;&nbsp;&nbsp;&nbsp;&nbsp;El participante autoriza la exhibici\u00f3n durante el festival.<\/span><\/p>\n<p class=\"MsoNormal\" style=\"margin: 0cm; font-size: medium; font-family: Calibri, sans-serif; caret-color: #000000; color: #000000; font-style: normal;\"><span lang=\"ES\">\u2022&nbsp;&nbsp;&nbsp;&nbsp;&nbsp;&nbsp;&nbsp;&nbsp;&nbsp;&nbsp;El festival puede usar im\u00e1genes para promoci\u00f3n no comercial.<\/span><\/p>\n<p class=\"MsoNormal\" style=\"margin: 0cm; font-size: medium; font-family: Calibri, sans-serif; caret-color: #000000; color: #000000; font-style: normal; text-align: center;\"><span lang=\"ES\"><strong>.<\/strong> &nbsp; &nbsp; &nbsp; &nbsp; &nbsp;El material seleccionado se publicara total o parcial en las diferentes redes de ACOPIDRON para publicitar a los participantes&nbsp;<\/span><\/p>\n<p class=\"MsoNormal\" style=\"margin: 0cm; font-size: medium; font-family: Calibri, sans-serif; caret-color: #000000; color: #000000; font-style: normal;\"><span lang=\"ES\">&nbsp;<\/span><\/p>\n<p class=\"MsoNormal\" style=\"margin: 0cm; font-size: medium; font-family: Calibri, sans-serif; caret-color: #000000; color: #000000; font-style: normal;\"><strong><span lang=\"ES\">8. PROCESO DE SELECCI\u00d3N<\/span><\/strong><\/p>\n<p><span lang=\"ES\" style=\"caret-color: #000000; color: #000000; font-size: 12pt; font-style: normal; font-family: Calibri, sans-serif;\">\u2022&nbsp;&nbsp;&nbsp;&nbsp;&nbsp;&nbsp;&nbsp;&nbsp;&nbsp;&nbsp;Selecci\u00f3n a cargo del comit\u00e9\u0301 curatorial.<\/span><\/p>\n<p><span lang=\"ES\" style=\"caret-color: #000000; color: #000000; font-size: 12pt; font-style: normal; font-family: Calibri, sans-serif;\">. &nbsp; &nbsp; &nbsp; &nbsp; &nbsp; El comite Curatorial ester conformado por personal de ACOPIDRON y personas expertas en la creaci\u00f3n de contenido audiovisual, cine, fotograf\u00eda y edici\u00f3n.<\/span><\/p>\n<p><strong><span lang=\"ES\" style=\"caret-color: #000000; color: #000000; font-size: 12pt; font-style: normal; font-family: Calibri, sans-serif;\">9. EQUIPO DE PRODUCCI\u00d3N<\/span><\/strong><\/p>\n<p><span style=\"color: #000000; font-family: Calibri, sans-serif;\">No hay limite de las personas que pueden hacer parte del equipo de producci\u00f3n del corto, como guionista, piloto,&nbsp;editor,&nbsp;gratificador y&nbsp;dem\u00e1s posiciones regulares en una&nbsp;producci\u00f3n audiovisual.<\/span><\/p>\n<p><strong><span style=\"color: #000000; font-family: Calibri, sans-serif;\">10. DETRAS DE CAMARAS<\/span><\/strong><\/p>\n<p><span style=\"color: #000000; font-family: Calibri, sans-serif;\">Se debe presentar un material&nbsp;detr\u00e1s de&nbsp;c\u00e1maras donde se vea parte del proceso&nbsp;creativo, y de&nbsp;producci\u00f3n del corto donde se pueda ver la aeronave o aeronaves usadas en la producci\u00f3n este material debe tener una&nbsp;<span style=\"caret-color: #000000;\">duraci\u00f3n<\/span>&nbsp;m\u00e1xima de 2 minutos, donde se&nbsp;pod\u00edan&nbsp;presentar al o los participantes, locaciones e&nbsp;informaci\u00f3n&nbsp;t\u00e9cnica del proceso de&nbsp;creaci\u00f3n del cortometraje.<\/span><\/p>\n<p><strong><span style=\"color: #000000; font-family: Calibri, sans-serif;\">11. INSCRIPCION<\/span><\/strong><\/p>\n<p><span style=\"color: #000000; font-family: Calibri, sans-serif;\">La&nbsp;inscripci\u00f3n al festival&nbsp;tendr\u00e1 un costo de $ 50.000 COP (Pesos Colombianos) por corto, si el piloto o equipo quiere participar en mas&nbsp;categor\u00edas&nbsp;deber\u00e1 cancelar el valor de la&nbsp;inscripci\u00f3n por cada&nbsp;<span style=\"caret-color: #000000;\">categor\u00eda.<\/span><\/span><\/p>\n<p><span style=\"color: #000000; font-family: Calibri, sans-serif;\">Este valor se cancelara por&nbsp;consignaci\u00f3n directa a la cuenta de ACOPIDRON, o plataformas de pago NEQUI, DAVIPLATA o LLAVES, las cuales&nbsp;ser\u00e1n publicadas en los&nbsp;pr\u00f3ximos dias.<\/span><\/p>\t\t\t\t\t<\/div>\n\t\t\t\t\t\t<\/div>\n\t\t\t\t<\/div>\n\t\t\t\t\t\t<\/div>\n\t\t\t\t\t<\/div>\n\t\t<\/div>\n\t\t\t\t\t\t\t\t<\/div>\n\t\t\t\t\t<\/div>\n\t\t<\/section>\n\t\t\t\t\t\t<\/div>\n\t\t\t\t\t\t<\/div>\n\t\t\t\t\t<\/div>\n\t\t","protected":false},"excerpt":{"rendered":"<p>1er Festival DRONEFILMS 2026<\/p>\n","protected":false},"author":1,"featured_media":0,"parent":0,"menu_order":0,"comment_status":"closed","ping_status":"closed","template":"elementor_header_footer","meta":{"site-sidebar-layout":"default","site-content-layout":"default","ast-global-header-display":"","ast-main-header-display":"","ast-hfb-above-header-display":"","ast-hfb-below-header-display":"","ast-hfb-mobile-header-display":"","site-post-title":"","ast-breadcrumbs-content":"","ast-featured-img":"","footer-sml-layout":"","theme-transparent-header-meta":"default","adv-header-id-meta":"","stick-header-meta":"","header-above-stick-meta":"","header-main-stick-meta":"","header-below-stick-meta":"","footnotes":""},"class_list":["post-1293","page","type-page","status-publish","hentry"],"aioseo_notices":[],"_links":{"self":[{"href":"https:\/\/acopidron.com\/index.php\/wp-json\/wp\/v2\/pages\/1293","targetHints":{"allow":["GET"]}}],"collection":[{"href":"https:\/\/acopidron.com\/index.php\/wp-json\/wp\/v2\/pages"}],"about":[{"href":"https:\/\/acopidron.com\/index.php\/wp-json\/wp\/v2\/types\/page"}],"author":[{"embeddable":true,"href":"https:\/\/acopidron.com\/index.php\/wp-json\/wp\/v2\/users\/1"}],"replies":[{"embeddable":true,"href":"https:\/\/acopidron.com\/index.php\/wp-json\/wp\/v2\/comments?post=1293"}],"version-history":[{"count":62,"href":"https:\/\/acopidron.com\/index.php\/wp-json\/wp\/v2\/pages\/1293\/revisions"}],"predecessor-version":[{"id":1839,"href":"https:\/\/acopidron.com\/index.php\/wp-json\/wp\/v2\/pages\/1293\/revisions\/1839"}],"wp:attachment":[{"href":"https:\/\/acopidron.com\/index.php\/wp-json\/wp\/v2\/media?parent=1293"}],"curies":[{"name":"wp","href":"https:\/\/api.w.org\/{rel}","templated":true}]}}